{"id":212,"date":"2018-09-08T00:55:05","date_gmt":"2018-09-07T23:55:05","guid":{"rendered":"http:\/\/www.kadetten15.dev.cc\/?page_id=212"},"modified":"2021-01-18T21:28:54","modified_gmt":"2021-01-18T19:28:54","slug":"felanmalan","status":"publish","type":"page","link":"https:\/\/kadetten15.se\/?page_id=212","title":{"rendered":"Felanm\u00e4lan"},"content":{"rendered":"<p>Jensen Drift &amp; Underh\u00e5ll AB hj\u00e4lper oss med tekniskt underh\u00e5ll i fastigheten.<\/p>\n<p>Det g\u00e5r bra att kontakta dem f\u00f6r att f\u00e5 hj\u00e4lp \u00e4ven med tekniska problem inne i l\u00e4genheten men d\u00e5 f\u00e5r du sj\u00e4lv st\u00e5 f\u00f6r kostnaden.<\/p>\n<p>Deras webbplats hittas p\u00e5 jensendrift.se och felanm\u00e4lan till dem g\u00f6rs via e-postadressen felanmalan@jensendrift.se eller via telefon 08-560 502 19.<\/p>\n<p>Fastighetsjour utanf\u00f6r kontorstider har Bravida och de n\u00e5s via telefon 020-21 21 12.<\/p>\n<p>Hisskontakt sk\u00f6ter v\u00e5ra hissar och de n\u00e5s via telefon 08-30 48 20.<\/p>\n<p>&nbsp;<\/p>\n","protected":false},"excerpt":{"rendered":"<p>Jensen Drift &amp; Underh\u00e5ll AB hj\u00e4lper oss med tekniskt underh\u00e5ll i fastigheten. Det g\u00e5r bra att kontakta dem f\u00f6r att f\u00e5 hj\u00e4lp \u00e4ven med tekniska problem inne i l\u00e4genheten men d\u00e5 f\u00e5r du sj\u00e4lv st\u00e5 f\u00f6r kostnaden. Deras webbplats hittas p\u00e5 jensendrift.se och felanm\u00e4lan till dem g\u00f6rs via e-postadressen felanmalan@jensendrift.se eller via telefon 08-560 502 [&hellip;]<\/p>\n","protected":false},"author":2,"featured_media":0,"parent":285,"menu_order":0,"comment_status":"closed","ping_status":"closed","template":"","meta":{"footnotes":""},"class_list":["post-212","page","type-page","status-publish","hentry"],"_links":{"self":[{"href":"https:\/\/kadetten15.se\/index.php?rest_route=\/wp\/v2\/pages\/212","targetHints":{"allow":["GET"]}}],"collection":[{"href":"https:\/\/kadetten15.se\/index.php?rest_route=\/wp\/v2\/pages"}],"about":[{"href":"https:\/\/kadetten15.se\/index.php?rest_route=\/wp\/v2\/types\/page"}],"author":[{"embeddable":true,"href":"https:\/\/kadetten15.se\/index.php?rest_route=\/wp\/v2\/users\/2"}],"replies":[{"embeddable":true,"href":"https:\/\/kadetten15.se\/index.php?rest_route=%2Fwp%2Fv2%2Fcomments&post=212"}],"version-history":[{"count":4,"href":"https:\/\/kadetten15.se\/index.php?rest_route=\/wp\/v2\/pages\/212\/revisions"}],"predecessor-version":[{"id":561,"href":"https:\/\/kadetten15.se\/index.php?rest_route=\/wp\/v2\/pages\/212\/revisions\/561"}],"up":[{"embeddable":true,"href":"https:\/\/kadetten15.se\/index.php?rest_route=\/wp\/v2\/pages\/285"}],"wp:attachment":[{"href":"https:\/\/kadetten15.se\/index.php?rest_route=%2Fwp%2Fv2%2Fmedia&parent=212"}],"curies":[{"name":"wp","href":"https:\/\/api.w.org\/{rel}","templated":true}]}}