{"id":269,"date":"2019-05-12T10:47:48","date_gmt":"2019-05-12T08:47:48","guid":{"rendered":"http:\/\/kadetten15.se\/?page_id=269"},"modified":"2025-01-18T15:23:42","modified_gmt":"2025-01-18T13:23:42","slug":"for-maklare","status":"publish","type":"page","link":"https:\/\/kadetten15.se\/?page_id=269","title":{"rendered":"F\u00f6r m\u00e4klare"},"content":{"rendered":"<p><strong>Vad \u00e4r fastighetens beteckning?<\/strong><\/p>\n<p>Svar: Kadetten 15<\/p>\n<p><strong>Vilket bygg\u00e5r har fastigheten?<\/strong><\/p>\n<p>Svar: 1906-1910<\/p>\n<p><strong>Hur m\u00e5nga bostadsl\u00e4genheter finns i f\u00f6reningen? Hur m\u00e5nga bostadsr\u00e4tter resp. hyresr\u00e4tter? Lokaler?<\/strong><\/p>\n<p>Svar: 33\u00a0bostadsr\u00e4ttsl\u00e4genheter\u00a0p\u00e5\u00a0adresserna\u00a0Tomtebogatan 30, Tomtebogatan 30A och Tomtebogatan 30B. 4 lokaler uppl\u00e5tna med hyresr\u00e4tt.<\/p>\n<p><strong>\u00c4ger f\u00f6reningen marken?<\/strong> <strong>Om inte, hur ser omf\u00f6rhandlingen ut efter att tomtr\u00e4ttsavtalet l\u00f6pt ut? <\/strong><strong>Har de erbjudande att k\u00f6pa marken, hur st\u00e4ller sig f\u00f6reningen till det?<\/strong><\/p>\n<p>Svar: F\u00f6reningen \u00e4ger marken.<\/p>\n<p><strong>\u00c4r f\u00f6reningen en \u00e4kta\/ o\u00e4kta f\u00f6rening?<\/strong><\/p>\n<p>Svar: \u00c4kta<\/p>\n<p><strong>Hur m\u00e5nga v\u00e5ningar finns det i fastigheten? Finns hiss?<\/strong><\/p>\n<p>Svar: 6, hiss finns i gathus och B-uppg\u00e5ng<\/p>\n<p><strong>Vem ansvarar f\u00f6r den ekonomiska f\u00f6rvaltningen och bist\u00e5r m\u00e4klarbild\/ Utdrag ur l\u00e4genhetsregistret?<\/strong><\/p>\n<p>Svar: Simpleko<\/p>\n<p><strong>Till vem skickar vi \u00d6verl\u00e5telseavtal samt ans\u00f6kan om medlemskap?<\/strong><\/p>\n<p>Svar: BRF Kadetten 15, Tomtebogatan 30, 113 38 STHLM<\/p>\n<p><strong>Finns k\u00e4llarf\u00f6rr\u00e5d och\/ eller vindsf\u00f6rr\u00e5d till l\u00e4genheten?<\/strong><\/p>\n<p>Svar: K\u00e4llarf\u00f6rr\u00e5d<\/p>\n<p><strong>\u00c4r fastigheten stammar bytta? N\u00e4r gjordes detta?<\/strong><\/p>\n<p>Svar: \u00a01985-86<\/p>\n<p><strong>Fastighetens uppv\u00e4rmning?<\/strong><\/p>\n<p>Svar: Fj\u00e4rrv\u00e4rme<\/p>\n<p><strong>Fastighetens ventilation?<\/strong><\/p>\n<p>Svar: Sj\u00e4lvdrag i l\u00e4genheterna<\/p>\n<p><strong>Finns parkering och\/ eller garage?<\/strong><\/p>\n<p>Svar: Nej<\/p>\n<p><strong>Godk\u00e4nnes juridisk person som k\u00f6pare? <\/strong><\/p>\n<p>Svar: Nej<\/p>\n","protected":false},"excerpt":{"rendered":"<p>Vad \u00e4r fastighetens beteckning? Svar: Kadetten 15 Vilket bygg\u00e5r har fastigheten? Svar: 1906-1910 Hur m\u00e5nga bostadsl\u00e4genheter finns i f\u00f6reningen? Hur m\u00e5nga bostadsr\u00e4tter resp. hyresr\u00e4tter? Lokaler? Svar: 33\u00a0bostadsr\u00e4ttsl\u00e4genheter\u00a0p\u00e5\u00a0adresserna\u00a0Tomtebogatan 30, Tomtebogatan 30A och Tomtebogatan 30B. 4 lokaler uppl\u00e5tna med hyresr\u00e4tt. \u00c4ger f\u00f6reningen marken? Om inte, hur ser omf\u00f6rhandlingen ut efter att tomtr\u00e4ttsavtalet l\u00f6pt ut? Har de erbjudande [&hellip;]<\/p>\n","protected":false},"author":1,"featured_media":0,"parent":260,"menu_order":5,"comment_status":"closed","ping_status":"closed","template":"","meta":{"footnotes":""},"class_list":["post-269","page","type-page","status-publish","hentry"],"_links":{"self":[{"href":"https:\/\/kadetten15.se\/index.php?rest_route=\/wp\/v2\/pages\/269","targetHints":{"allow":["GET"]}}],"collection":[{"href":"https:\/\/kadetten15.se\/index.php?rest_route=\/wp\/v2\/pages"}],"about":[{"href":"https:\/\/kadetten15.se\/index.php?rest_route=\/wp\/v2\/types\/page"}],"author":[{"embeddable":true,"href":"https:\/\/kadetten15.se\/index.php?rest_route=\/wp\/v2\/users\/1"}],"replies":[{"embeddable":true,"href":"https:\/\/kadetten15.se\/index.php?rest_route=%2Fwp%2Fv2%2Fcomments&post=269"}],"version-history":[{"count":4,"href":"https:\/\/kadetten15.se\/index.php?rest_route=\/wp\/v2\/pages\/269\/revisions"}],"predecessor-version":[{"id":667,"href":"https:\/\/kadetten15.se\/index.php?rest_route=\/wp\/v2\/pages\/269\/revisions\/667"}],"up":[{"embeddable":true,"href":"https:\/\/kadetten15.se\/index.php?rest_route=\/wp\/v2\/pages\/260"}],"wp:attachment":[{"href":"https:\/\/kadetten15.se\/index.php?rest_route=%2Fwp%2Fv2%2Fmedia&parent=269"}],"curies":[{"name":"wp","href":"https:\/\/api.w.org\/{rel}","templated":true}]}}