{"id":283,"date":"2019-05-12T10:55:49","date_gmt":"2019-05-12T08:55:49","guid":{"rendered":"http:\/\/kadetten15.se\/?page_id=283"},"modified":"2025-04-23T13:41:35","modified_gmt":"2025-04-23T11:41:35","slug":"fastighetsforvaltning","status":"publish","type":"page","link":"https:\/\/kadetten15.se\/?page_id=283","title":{"rendered":"Fastighetsf\u00f6rvaltning"},"content":{"rendered":"<p><strong>Fastighetsf\u00f6rvaltning Kadetten 15<\/strong><\/p>\n<ul>\n<li><strong>Jensen Drift &amp; Underh\u00e5ll AB<\/strong> sk\u00f6ter det l\u00f6pande underh\u00e5llet av f\u00f6reningens fastighet med bes\u00f6k av fastighetssk\u00f6tare en g\u00e5ng i veckan. Medlemmar som \u00f6nskar f\u00e5 arbeten utf\u00f6rda privat i sina l\u00e4genheter kan anlita firman men betalar d\u00e5 sj\u00e4lva <a href=\"https:\/\/www.jensendrift.se\">https:\/\/www.jensendrift.se<\/a><\/li>\n<li><strong>Simpleko<\/strong> sk\u00f6ter den ekonomiska f\u00f6rvaltningen f\u00f6r f\u00f6reningen <a href=\"https:\/\/www.simpleko.se\">https:\/\/www.simpleko.se<\/a><\/li>\n<li><strong>Hisskontakt Norden AB <\/strong>har hand om v\u00e5ra hissar <a href=\"https:\/\/www.hisskontakt.se\">https:\/\/www.hisskontakt.se<\/a><\/li>\n<li><strong>City St\u00e4dservice AB <\/strong>sk\u00f6ter entr\u00e9- och trappst\u00e4dningen <a href=\"https:\/\/www.citystadservice.se\">https:\/\/www.citystadservice.se<\/a><\/li>\n<\/ul>\n\n\n<p><\/p>\n","protected":false},"excerpt":{"rendered":"<p>Fastighetsf\u00f6rvaltning Kadetten 15 Jensen Drift &amp; Underh\u00e5ll AB sk\u00f6ter det l\u00f6pande underh\u00e5llet av f\u00f6reningens fastighet med bes\u00f6k av fastighetssk\u00f6tare en g\u00e5ng i veckan. Medlemmar som \u00f6nskar f\u00e5 arbeten utf\u00f6rda privat i sina l\u00e4genheter kan anlita firman men betalar d\u00e5 sj\u00e4lva https:\/\/www.jensendrift.se Simpleko sk\u00f6ter den ekonomiska f\u00f6rvaltningen f\u00f6r f\u00f6reningen https:\/\/www.simpleko.se Hisskontakt Norden AB har hand om [&hellip;]<\/p>\n","protected":false},"author":1,"featured_media":0,"parent":279,"menu_order":1,"comment_status":"closed","ping_status":"closed","template":"","meta":{"footnotes":""},"class_list":["post-283","page","type-page","status-publish","hentry"],"_links":{"self":[{"href":"https:\/\/kadetten15.se\/index.php?rest_route=\/wp\/v2\/pages\/283","targetHints":{"allow":["GET"]}}],"collection":[{"href":"https:\/\/kadetten15.se\/index.php?rest_route=\/wp\/v2\/pages"}],"about":[{"href":"https:\/\/kadetten15.se\/index.php?rest_route=\/wp\/v2\/types\/page"}],"author":[{"embeddable":true,"href":"https:\/\/kadetten15.se\/index.php?rest_route=\/wp\/v2\/users\/1"}],"replies":[{"embeddable":true,"href":"https:\/\/kadetten15.se\/index.php?rest_route=%2Fwp%2Fv2%2Fcomments&post=283"}],"version-history":[{"count":7,"href":"https:\/\/kadetten15.se\/index.php?rest_route=\/wp\/v2\/pages\/283\/revisions"}],"predecessor-version":[{"id":671,"href":"https:\/\/kadetten15.se\/index.php?rest_route=\/wp\/v2\/pages\/283\/revisions\/671"}],"up":[{"embeddable":true,"href":"https:\/\/kadetten15.se\/index.php?rest_route=\/wp\/v2\/pages\/279"}],"wp:attachment":[{"href":"https:\/\/kadetten15.se\/index.php?rest_route=%2Fwp%2Fv2%2Fmedia&parent=283"}],"curies":[{"name":"wp","href":"https:\/\/api.w.org\/{rel}","templated":true}]}}