{"id":311,"date":"2019-05-12T11:15:49","date_gmt":"2019-05-12T09:15:49","guid":{"rendered":"http:\/\/kadetten15.se\/?page_id=311"},"modified":"2021-01-18T22:56:01","modified_gmt":"2021-01-18T20:56:01","slug":"omradet","status":"publish","type":"page","link":"https:\/\/kadetten15.se\/?page_id=311","title":{"rendered":"Omr\u00e5det"},"content":{"rendered":"<p><b>Birkastaden<\/b> (\u00e4ven <i>Birkastan<\/i>) \u00e4r ett informellt omr\u00e5de i sydv\u00e4stra delen av stadsdelen Vasastaden i Stockholms innerstad.<\/p>\n<p>Birkastaden har inga officiellt fastst\u00e4llda gr\u00e4nser, men i en inventering av Stadsmuseet i Stockholm fr\u00e5n 1974 avgr\u00e4nsas omr\u00e5det av Sankt Eriksgatan, Karlbergsv\u00e4gen, Norra Stationsgatan och R\u00f6rstrandsgatan.<sup id=\"cite_ref-1\" class=\"reference\"><\/sup> I andra sammanhang, till exempel l\u00e4genhetsannonser, \u00e4r det inte ovanligt att \u00e4ven R\u00f6rstrandsomr\u00e5det ned mot j\u00e4rnv\u00e4gen (Ostkustbanan, M\u00e4larbanan) r\u00e4knas till Birkastan.<\/p>\n<p>Bebyggelsen i Birkastaden \u00e4r huvudsakligen uppf\u00f6rd omkring 1902\u20131912<sup id=\"cite_ref-2\" class=\"reference\"><\/sup>. Genom omr\u00e5det l\u00f6per Birkagatan, efter vilken omr\u00e5det f\u00e5tt sitt namn. N\u00e4r gatan namngavs 1887 p\u00e5gick Hjalmar Stolpes utgr\u00e4vningar av Birka p\u00e5 Bj\u00f6rk\u00f6 i M\u00e4laren.<\/p>\n<p>Omr\u00e5det s\u00f6der om R\u00f6rstrandsgatan brukar kallas R\u00f6rstrand. Eftersom R\u00f6rstrands porslinsfabrik l\u00e5g i Birkastaden \u2013 som ocks\u00e5 gr\u00e4nsade till Atlasomr\u00e5det \u2013 planerades Birkastaden som en arbetarstadsdel med m\u00e4ngder av billiga en- och tv\u00e5rummare.<\/p>\n<p><img loading=\"lazy\" decoding=\"async\" class=\"aligncenter size-full wp-image-573\" src=\"http:\/\/media2.kadetten15.se\/2021\/01\/birkastan.jpg\" alt=\"\" width=\"250\" height=\"177\" \/><\/p>\n<p>&nbsp;<\/p>\n","protected":false},"excerpt":{"rendered":"<p>Birkastaden (\u00e4ven Birkastan) \u00e4r ett informellt omr\u00e5de i sydv\u00e4stra delen av stadsdelen Vasastaden i Stockholms innerstad. Birkastaden har inga officiellt fastst\u00e4llda gr\u00e4nser, men i en inventering av Stadsmuseet i Stockholm fr\u00e5n 1974 avgr\u00e4nsas omr\u00e5det av Sankt Eriksgatan, Karlbergsv\u00e4gen, Norra Stationsgatan och R\u00f6rstrandsgatan. I andra sammanhang, till exempel l\u00e4genhetsannonser, \u00e4r det inte ovanligt att \u00e4ven R\u00f6rstrandsomr\u00e5det [&hellip;]<\/p>\n","protected":false},"author":1,"featured_media":0,"parent":0,"menu_order":0,"comment_status":"closed","ping_status":"closed","template":"","meta":{"footnotes":""},"class_list":["post-311","page","type-page","status-publish","hentry"],"_links":{"self":[{"href":"https:\/\/kadetten15.se\/index.php?rest_route=\/wp\/v2\/pages\/311","targetHints":{"allow":["GET"]}}],"collection":[{"href":"https:\/\/kadetten15.se\/index.php?rest_route=\/wp\/v2\/pages"}],"about":[{"href":"https:\/\/kadetten15.se\/index.php?rest_route=\/wp\/v2\/types\/page"}],"author":[{"embeddable":true,"href":"https:\/\/kadetten15.se\/index.php?rest_route=\/wp\/v2\/users\/1"}],"replies":[{"embeddable":true,"href":"https:\/\/kadetten15.se\/index.php?rest_route=%2Fwp%2Fv2%2Fcomments&post=311"}],"version-history":[{"count":3,"href":"https:\/\/kadetten15.se\/index.php?rest_route=\/wp\/v2\/pages\/311\/revisions"}],"predecessor-version":[{"id":574,"href":"https:\/\/kadetten15.se\/index.php?rest_route=\/wp\/v2\/pages\/311\/revisions\/574"}],"wp:attachment":[{"href":"https:\/\/kadetten15.se\/index.php?rest_route=%2Fwp%2Fv2%2Fmedia&parent=311"}],"curies":[{"name":"wp","href":"https:\/\/api.w.org\/{rel}","templated":true}]}}